{"id":5849,"date":"2022-03-15T15:16:17","date_gmt":"2022-03-15T14:16:17","guid":{"rendered":"https:\/\/lokalizatorgps24.esteon.pl\/?page_id=5849"},"modified":"2022-04-03T13:24:53","modified_gmt":"2022-04-03T11:24:53","slug":"samochody-osobowe","status":"publish","type":"page","link":"https:\/\/lokalizatorgps24.esteon.pl\/index.php\/samochody-osobowe\/","title":{"rendered":"Samochody osobowe"},"content":{"rendered":"<p>[vc_row top=&#8221;280px&#8221; bottom=&#8221;200px&#8221; content_fadeout=&#8221;content-fadeout&#8221; bg_type=&#8221;image&#8221; parallax_bg=&#8221;parallax-bg&#8221; bg_cover=&#8221;cover&#8221; bg_repeat=&#8221;no-repeat&#8221; bg_position=&#8221;Center center&#8221; overlay_pattern=&#8221;sm_cell_b&#8221; overlay_pattern_op=&#8221;0.1&#8243; bg_color=&#8221;#3e4058&#8243; bg_image=&#8221;5907&#8243;][vc_column][vc_heading h_size=&#8221;h-extralarge&#8221; title=&#8221;SAMOCHODY OSOBOWE&#8221; title_color=&#8221;#ffffff&#8221; subtitle_color=&#8221;#ffffff&#8221;][\/vc_column][\/vc_row][vc_row top=&#8221;100px&#8221; bottom=&#8221;30px&#8221;][vc_column][vc_heading h_size=&#8221;h-large&#8221; title=&#8221;Monitoring samochod\u00f3w osobowych&#8221; title_color=&#8221;#f78f20&#8243; divider=&#8221;div-between&#8221; divider_type=&#8221;div-wide-thick&#8221; divider_color=&#8221;#f78f20&#8243; alignment=&#8221;align-left&#8221;][\/vc_column][\/vc_row][vc_row top=&#8221;0px&#8221; equal_height=&#8221;content-fadeout&#8221; row_seperator=&#8221;no-seperator&#8221;][vc_column width=&#8221;5\/12&#8243;][vc_single_image image=&#8221;5908&#8243; img_size=&#8221;1000&#215;500&#8243; style=&#8221;vc_box_rounded&#8221;][\/vc_column][vc_column width=&#8221;7\/12&#8243; el_class=&#8221;column-text-bordered-right&#8221;][vc_separator color=&#8221;#f78f20&#8243; width=&#8221;50px&#8221; thickness=&#8221;3px&#8221;][vc_column_text]<\/p>\n<h5><\/h5>\n<p>Kontrola samochod\u00f3w osobowych w przedsi\u0119biorstwach dotyczy najcz\u0119\u015bciej nadzorowania pracy przedstawicieli handlowych. Dzi\u0119ki naszym rozwi\u0105zaniom zawsze b\u0119dziesz wiedzia\u0142, gdzie znajduj\u0105 si\u0119 Twoje samochody.<\/p>\n<p>Monitorowanie GPS samochod\u00f3w osobowych pozwala na rozporz\u0105dzanie flot\u0105 samochodow\u0105. Dzi\u0119ki temu mo\u017cesz optymalizowa\u0107 prac\u0119 swoich pracownik\u00f3w, a tak\u017ce obni\u017cy\u0107 finalne koszty.[\/vc_column_text][\/vc_column][\/vc_row][vc_row top=&#8221;0px&#8221; equal_height=&#8221;content-fadeout&#8221; row_seperator=&#8221;no-seperator&#8221;][vc_column width=&#8221;7\/12&#8243; el_class=&#8221;column-text-bordered-left&#8221;][vc_separator color=&#8221;#f78f20&#8243; width=&#8221;50px&#8221; thickness=&#8221;3px&#8221;][vc_column_text]<\/p>\n<h5><\/h5>\n<p>Szereg funkcjonalno\u015bci, kt\u00f3re proponujemy pozwoli mi\u0119dzy innymi na monitorowanie historii przebytych tras, przebiegu samochod\u00f3w, czasu jazdy oraz postoju. Otrzymasz tak\u017ce przypomnienie o zbli\u017caj\u0105cych si\u0119 przegl\u0105dach i p\u0142atno\u015bciach.<\/p>\n<p>Chcesz zaoszcz\u0119dzi\u0107 na paliwa? Pomo\u017ce Ci w tym nasze urz\u0105dzenie CAN. Na bie\u017c\u0105co uzyskasz informacj\u0119 na temat pr\u0119dko\u015bci, obrot\u00f3w silnika, spalania, po\u0142o\u017cenia peda\u0142u gazu, stanu licznika oraz paliwa. Nasze raporty spalania poka\u017c\u0105 Ci, gdzie je\u017cd\u017c\u0105 Twoi pracownicy i dzi\u0119ki nim b\u0119dziesz m\u00f3g\u0142 kontrolowa\u0107 ich styl jazdy.[\/vc_column_text][\/vc_column][vc_column width=&#8221;5\/12&#8243;][vc_single_image image=&#8221;5909&#8243; img_size=&#8221;1000&#215;500&#8243; style=&#8221;vc_box_rounded&#8221;][\/vc_column][\/vc_row][vc_row top=&#8221;0px&#8221; bottom=&#8221;50px&#8221; textalign=&#8221;center&#8221;][vc_column width=&#8221;1\/3&#8243;][vc_single_image image=&#8221;5905&#8243; alignment=&#8221;center&#8221; el_class=&#8221;icon-round&#8221;][vc_column_text]<strong>MONITORING SAMOCHOD\u00d3W 24H NA DOB\u0118<\/strong>[\/vc_column_text][\/vc_column][vc_column width=&#8221;1\/3&#8243;][vc_single_image image=&#8221;5906&#8243; alignment=&#8221;center&#8221; el_class=&#8221;icon-round&#8221;][vc_column_text]<strong>KONTROLA ZU\u017bYCIA PALIWA<\/strong>[\/vc_column_text][\/vc_column][vc_column width=&#8221;1\/3&#8243;][vc_single_image image=&#8221;5924&#8243; alignment=&#8221;center&#8221; el_class=&#8221;icon-round&#8221;][vc_column_text]<strong>PE\u0141NE RAPORTOWANIE<\/strong>[\/vc_column_text][\/vc_column][\/vc_row][vc_row top=&#8221;0&#8243;][vc_column textalign=&#8221;center&#8221; font_color=&#8221;#f78f20&#8243;][vc_button title=&#8221;Sprawd\u017a pozosta\u0142e zastosowania&#8221; size=&#8221;btn-large&#8221; type=&#8221;simplelineicons&#8221; icon_simplelineicons=&#8221;icon-arrow-right&#8221; icon_pos=&#8221;icon-right&#8221; border_radius=&#8221;round&#8221; css_animation=&#8221;bottom-to-top&#8221; css_animation_delay=&#8221;delay-600&#8243; icon_name=&#8221;icon-arrow-right&#8221; link=&#8221;url:%23||&#8221;][\/vc_column][\/vc_row]<\/p>\n","protected":false},"excerpt":{"rendered":"<p>[vc_row top=&#8221;280px&#8221; bottom=&#8221;200px&#8221; content_fadeout=&#8221;content-fadeout&#8221; bg_type=&#8221;image&#8221; parallax_bg=&#8221;parallax-bg&#8221; bg_cover=&#8221;cover&#8221; bg_repeat=&#8221;no-repeat&#8221; bg_position=&#8221;Center center&#8221; overlay_pattern=&#8221;sm_cell_b&#8221; overlay_pattern_op=&#8221;0.1&#8243; bg_color=&#8221;#3e4058&#8243; bg_image=&#8221;5907&#8243;][vc_column][vc_heading h_size=&#8221;h-extralarge&#8221; title=&#8221;SAMOCHODY OSOBOWE&#8221; title_color=&#8221;#ffffff&#8221; subtitle_color=&#8221;#ffffff&#8221;][\/vc_column][\/vc_row][vc_row top=&#8221;100px&#8221; bottom=&#8221;30px&#8221;][vc_column][vc_heading h_size=&#8221;h-large&#8221; title=&#8221;Monitoring samochod\u00f3w osobowych&#8221; title_color=&#8221;#f78f20&#8243; divider=&#8221;div-between&#8221; divider_type=&#8221;div-wide-thick&#8221; divider_color=&#8221;#f78f20&#8243; alignment=&#8221;align-left&#8221;][\/vc_column][\/vc_row][vc_row top=&#8221;0px&#8221; equal_height=&#8221;content-fadeout&#8221; row_seperator=&#8221;no-seperator&#8221;][vc_column width=&#8221;5\/12&#8243;][vc_single_image image=&#8221;5908&#8243; img_size=&#8221;1000&#215;500&#8243; style=&#8221;vc_box_rounded&#8221;][\/vc_column][vc_column width=&#8221;7\/12&#8243; el_class=&#8221;column-text-bordered-right&#8221;][vc_separator color=&#8221;#f78f20&#8243; width=&#8221;50px&#8221; thickness=&#8221;3px&#8221;][vc_column_text] Kontrola samochod\u00f3w osobowych w przedsi\u0119biorstwach dotyczy najcz\u0119\u015bciej nadzorowania pracy przedstawicieli handlowych. Dzi\u0119ki naszym rozwi\u0105zaniom zawsze b\u0119dziesz wiedzia\u0142, gdzie znajduj\u0105 si\u0119 Twoje samochody. Monitorowanie GPS samochod\u00f3w osobowych pozwala na rozporz\u0105dzanie flot\u0105 samochodow\u0105. Dzi\u0119ki temu&#8230;  <\/p>\n<div class=\"read-more\"><a class=\"excerpt-read-more\" href=\"https:\/\/lokalizatorgps24.esteon.pl\/index.php\/samochody-osobowe\/\" title=\"Continue reading Samochody osobowe\">Read more<i class=\"fa fa-angle-right\"><\/i><\/a><\/div>\n","protected":false},"author":1,"featured_media":0,"parent":0,"menu_order":0,"comment_status":"open","ping_status":"open","template":"page-full-width.php","meta":{"footnotes":""},"class_list":["post-5849","page","type-page","status-publish","hentry"],"_links":{"self":[{"href":"https:\/\/lokalizatorgps24.esteon.pl\/index.php\/wp-json\/wp\/v2\/pages\/5849","targetHints":{"allow":["GET"]}}],"collection":[{"href":"https:\/\/lokalizatorgps24.esteon.pl\/index.php\/wp-json\/wp\/v2\/pages"}],"about":[{"href":"https:\/\/lokalizatorgps24.esteon.pl\/index.php\/wp-json\/wp\/v2\/types\/page"}],"author":[{"embeddable":true,"href":"https:\/\/lokalizatorgps24.esteon.pl\/index.php\/wp-json\/wp\/v2\/users\/1"}],"replies":[{"embeddable":true,"href":"https:\/\/lokalizatorgps24.esteon.pl\/index.php\/wp-json\/wp\/v2\/comments?post=5849"}],"version-history":[{"count":71,"href":"https:\/\/lokalizatorgps24.esteon.pl\/index.php\/wp-json\/wp\/v2\/pages\/5849\/revisions"}],"predecessor-version":[{"id":5978,"href":"https:\/\/lokalizatorgps24.esteon.pl\/index.php\/wp-json\/wp\/v2\/pages\/5849\/revisions\/5978"}],"wp:attachment":[{"href":"https:\/\/lokalizatorgps24.esteon.pl\/index.php\/wp-json\/wp\/v2\/media?parent=5849"}],"curies":[{"name":"wp","href":"https:\/\/api.w.org\/{rel}","templated":true}]}}