{"id":5930,"date":"2022-03-24T11:22:29","date_gmt":"2022-03-24T10:22:29","guid":{"rendered":"https:\/\/lokalizatorgps24.esteon.pl\/?page_id=5930"},"modified":"2022-04-03T13:54:32","modified_gmt":"2022-04-03T11:54:32","slug":"wypozyczalnie-samochodow","status":"publish","type":"page","link":"https:\/\/lokalizatorgps24.esteon.pl\/index.php\/wypozyczalnie-samochodow\/","title":{"rendered":"Wypo\u017cyczalnie samochod\u00f3w"},"content":{"rendered":"<p>[vc_row top=&#8221;280px&#8221; bottom=&#8221;200px&#8221; content_fadeout=&#8221;content-fadeout&#8221; bg_type=&#8221;image&#8221; parallax_bg=&#8221;parallax-bg&#8221; bg_cover=&#8221;cover&#8221; bg_repeat=&#8221;no-repeat&#8221; bg_position=&#8221;Center center&#8221; overlay_pattern=&#8221;sm_cell_b&#8221; overlay_pattern_op=&#8221;0.1&#8243; bg_color=&#8221;#3e4058&#8243; bg_image=&#8221;5959&#8243;][vc_column][vc_heading h_size=&#8221;h-extralarge&#8221; title=&#8221;WYPO\u017bYCZALNIE SAMOCHOD\u00d3W&#8221; title_color=&#8221;#ffffff&#8221; subtitle_color=&#8221;#ffffff&#8221;][\/vc_column][\/vc_row][vc_row top=&#8221;100px&#8221; bottom=&#8221;30px&#8221;][vc_column][vc_heading h_size=&#8221;h-large&#8221; title=&#8221;Monitoring wypo\u017cyczonych samochod\u00f3w&#8221; title_color=&#8221;#f78f20&#8243; divider=&#8221;div-between&#8221; divider_type=&#8221;div-wide-thick&#8221; divider_color=&#8221;#f78f20&#8243; alignment=&#8221;align-left&#8221;][\/vc_column][\/vc_row][vc_row top=&#8221;0px&#8221; equal_height=&#8221;content-fadeout&#8221; row_seperator=&#8221;no-seperator&#8221;][vc_column width=&#8221;5\/12&#8243;][vc_single_image image=&#8221;5956&#8243; img_size=&#8221;1000&#215;500&#8243; style=&#8221;vc_box_rounded&#8221;][\/vc_column][vc_column width=&#8221;7\/12&#8243; el_class=&#8221;column-text-bordered-right&#8221;][vc_separator color=&#8221;#f78f20&#8243; width=&#8221;50px&#8221; thickness=&#8221;3px&#8221;][vc_column_text]<\/p>\n<h5><\/h5>\n<p>Prowadzisz wypo\u017cyczalni\u0119 samochod\u00f3w? W takim razie monitoring GPS dla wypo\u017cyczalni samochod\u00f3w to rozwi\u0105zanie dla Ciebie. Bardzo cz\u0119sto zdarza si\u0119, \u017ce osoby wypo\u017cyczaj\u0105ce samoch\u00f3d nie przestrzegaj\u0105 warunk\u00f3w najmu, u\u017cytkuj\u0105c samochody w niew\u0142a\u015bciwy spos\u00f3b.<br \/>\nDzi\u0119ki naszym rozwi\u0105zaniom b\u0119dziesz mia\u0142 sta\u0142y dost\u0119p do aktualnej lokalizacji pojazdu, ale tak\u017ce b\u0119dziesz m\u00f3g\u0142 sprawdzi\u0107 pokonywane trasy i miejsca, w kt\u00f3rych si\u0119 zatrzymuje. Mo\u017cesz tak\u017ce monitorowa\u0107 styl jazdy kierowcy.<\/p>\n<p>Przydatnymi funkcjami b\u0119dzie r\u00f3wnie\u017c mo\u017cliwo\u015b\u0107 zdalnego od\u0142\u0105czenia rozrusznika, w przypadku, gdy samoch\u00f3d nie zostanie zwr\u00f3cony w terminie, czy alert o pr\u00f3bie zag\u0142uszenia sygna\u0142u GPS.[\/vc_column_text][\/vc_column][\/vc_row][vc_row top=&#8221;0px&#8221; bottom=&#8221;50px&#8221; textalign=&#8221;center&#8221;][vc_column width=&#8221;1\/3&#8243;][vc_single_image image=&#8221;5905&#8243; alignment=&#8221;center&#8221; el_class=&#8221;icon-round&#8221;][vc_column_text]<strong>MONITORING SAMOCHOD\u00d3W 24H NA DOB\u0118<\/strong>[\/vc_column_text][\/vc_column][vc_column width=&#8221;1\/3&#8243;][vc_single_image image=&#8221;5957&#8243; alignment=&#8221;center&#8221; el_class=&#8221;icon-round&#8221;][vc_column_text]<strong>OD\u0141\u0104CZENIE ROZRUSZNIKA<\/strong>[\/vc_column_text][\/vc_column][vc_column width=&#8221;1\/3&#8243;][vc_single_image image=&#8221;5958&#8243; alignment=&#8221;center&#8221; el_class=&#8221;icon-round&#8221;][vc_column_text]<strong>ALERT ZAG\u0141USZENIA GPS<\/strong>[\/vc_column_text][\/vc_column][\/vc_row][vc_row top=&#8221;0&#8243;][vc_column textalign=&#8221;center&#8221; font_color=&#8221;#f78f20&#8243;][vc_button title=&#8221;Sprawd\u017a pozosta\u0142e zastosowania&#8221; size=&#8221;btn-large&#8221; type=&#8221;simplelineicons&#8221; icon_simplelineicons=&#8221;icon-arrow-right&#8221; icon_pos=&#8221;icon-right&#8221; border_radius=&#8221;round&#8221; css_animation=&#8221;bottom-to-top&#8221; css_animation_delay=&#8221;delay-600&#8243; icon_name=&#8221;icon-arrow-right&#8221; link=&#8221;url:%23||&#8221;][\/vc_column][\/vc_row]<\/p>\n","protected":false},"excerpt":{"rendered":"<p>[vc_row top=&#8221;280px&#8221; bottom=&#8221;200px&#8221; content_fadeout=&#8221;content-fadeout&#8221; bg_type=&#8221;image&#8221; parallax_bg=&#8221;parallax-bg&#8221; bg_cover=&#8221;cover&#8221; bg_repeat=&#8221;no-repeat&#8221; bg_position=&#8221;Center center&#8221; overlay_pattern=&#8221;sm_cell_b&#8221; overlay_pattern_op=&#8221;0.1&#8243; bg_color=&#8221;#3e4058&#8243; bg_image=&#8221;5959&#8243;][vc_column][vc_heading h_size=&#8221;h-extralarge&#8221; title=&#8221;WYPO\u017bYCZALNIE SAMOCHOD\u00d3W&#8221; title_color=&#8221;#ffffff&#8221; subtitle_color=&#8221;#ffffff&#8221;][\/vc_column][\/vc_row][vc_row top=&#8221;100px&#8221; bottom=&#8221;30px&#8221;][vc_column][vc_heading h_size=&#8221;h-large&#8221; title=&#8221;Monitoring wypo\u017cyczonych samochod\u00f3w&#8221; title_color=&#8221;#f78f20&#8243; divider=&#8221;div-between&#8221; divider_type=&#8221;div-wide-thick&#8221; divider_color=&#8221;#f78f20&#8243; alignment=&#8221;align-left&#8221;][\/vc_column][\/vc_row][vc_row top=&#8221;0px&#8221; equal_height=&#8221;content-fadeout&#8221; row_seperator=&#8221;no-seperator&#8221;][vc_column width=&#8221;5\/12&#8243;][vc_single_image image=&#8221;5956&#8243; img_size=&#8221;1000&#215;500&#8243; style=&#8221;vc_box_rounded&#8221;][\/vc_column][vc_column width=&#8221;7\/12&#8243; el_class=&#8221;column-text-bordered-right&#8221;][vc_separator color=&#8221;#f78f20&#8243; width=&#8221;50px&#8221; thickness=&#8221;3px&#8221;][vc_column_text] Prowadzisz wypo\u017cyczalni\u0119 samochod\u00f3w? W takim razie monitoring GPS dla wypo\u017cyczalni samochod\u00f3w to rozwi\u0105zanie dla Ciebie. Bardzo cz\u0119sto zdarza si\u0119, \u017ce osoby wypo\u017cyczaj\u0105ce samoch\u00f3d nie przestrzegaj\u0105 warunk\u00f3w najmu, u\u017cytkuj\u0105c samochody w niew\u0142a\u015bciwy spos\u00f3b. Dzi\u0119ki&#8230;  <\/p>\n<div class=\"read-more\"><a class=\"excerpt-read-more\" href=\"https:\/\/lokalizatorgps24.esteon.pl\/index.php\/wypozyczalnie-samochodow\/\" title=\"Continue reading Wypo\u017cyczalnie samochod\u00f3w\">Read more<i class=\"fa fa-angle-right\"><\/i><\/a><\/div>\n","protected":false},"author":1,"featured_media":0,"parent":0,"menu_order":0,"comment_status":"open","ping_status":"open","template":"page-full-width.php","meta":{"footnotes":""},"class_list":["post-5930","page","type-page","status-publish","hentry"],"_links":{"self":[{"href":"https:\/\/lokalizatorgps24.esteon.pl\/index.php\/wp-json\/wp\/v2\/pages\/5930","targetHints":{"allow":["GET"]}}],"collection":[{"href":"https:\/\/lokalizatorgps24.esteon.pl\/index.php\/wp-json\/wp\/v2\/pages"}],"about":[{"href":"https:\/\/lokalizatorgps24.esteon.pl\/index.php\/wp-json\/wp\/v2\/types\/page"}],"author":[{"embeddable":true,"href":"https:\/\/lokalizatorgps24.esteon.pl\/index.php\/wp-json\/wp\/v2\/users\/1"}],"replies":[{"embeddable":true,"href":"https:\/\/lokalizatorgps24.esteon.pl\/index.php\/wp-json\/wp\/v2\/comments?post=5930"}],"version-history":[{"count":6,"href":"https:\/\/lokalizatorgps24.esteon.pl\/index.php\/wp-json\/wp\/v2\/pages\/5930\/revisions"}],"predecessor-version":[{"id":5987,"href":"https:\/\/lokalizatorgps24.esteon.pl\/index.php\/wp-json\/wp\/v2\/pages\/5930\/revisions\/5987"}],"wp:attachment":[{"href":"https:\/\/lokalizatorgps24.esteon.pl\/index.php\/wp-json\/wp\/v2\/media?parent=5930"}],"curies":[{"name":"wp","href":"https:\/\/api.w.org\/{rel}","templated":true}]}}