{"id":5934,"date":"2022-03-24T11:24:04","date_gmt":"2022-03-24T10:24:04","guid":{"rendered":"https:\/\/lokalizatorgps24.esteon.pl\/?page_id=5934"},"modified":"2022-04-03T13:55:02","modified_gmt":"2022-04-03T11:55:02","slug":"maszyny-budowlane","status":"publish","type":"page","link":"https:\/\/lokalizatorgps24.esteon.pl\/index.php\/maszyny-budowlane\/","title":{"rendered":"Maszyny budowlane"},"content":{"rendered":"<p>[vc_row top=&#8221;280px&#8221; bottom=&#8221;200px&#8221; content_fadeout=&#8221;content-fadeout&#8221; bg_type=&#8221;image&#8221; parallax_bg=&#8221;parallax-bg&#8221; bg_cover=&#8221;cover&#8221; bg_repeat=&#8221;no-repeat&#8221; bg_position=&#8221;Center center&#8221; overlay_pattern=&#8221;sm_cell_b&#8221; overlay_pattern_op=&#8221;0.1&#8243; bg_color=&#8221;#3e4058&#8243; bg_image=&#8221;5970&#8243;][vc_column][vc_heading h_size=&#8221;h-extralarge&#8221; title=&#8221;MASZYNY BUDOWLANE&#8221; title_color=&#8221;#ffffff&#8221; subtitle_color=&#8221;#ffffff&#8221;][\/vc_column][\/vc_row][vc_row top=&#8221;100px&#8221; bottom=&#8221;30px&#8221;][vc_column][vc_heading h_size=&#8221;h-large&#8221; title=&#8221;Monitoring samochod\u00f3w osobowych&#8221; title_color=&#8221;#f78f20&#8243; divider=&#8221;div-between&#8221; divider_type=&#8221;div-wide-thick&#8221; divider_color=&#8221;#f78f20&#8243; alignment=&#8221;align-left&#8221;][\/vc_column][\/vc_row][vc_row top=&#8221;0px&#8221; equal_height=&#8221;content-fadeout&#8221; row_seperator=&#8221;no-seperator&#8221;][vc_column width=&#8221;5\/12&#8243;][vc_single_image image=&#8221;5969&#8243; img_size=&#8221;1000&#215;500&#8243; style=&#8221;vc_box_rounded&#8221;][\/vc_column][vc_column width=&#8221;7\/12&#8243; el_class=&#8221;column-text-bordered-right&#8221;][vc_separator color=&#8221;#f78f20&#8243; width=&#8221;50px&#8221; thickness=&#8221;3px&#8221;][vc_column_text]<\/p>\n<h5><\/h5>\n<p>System monitorowania GPS z powodzeniem mo\u017ce by\u0107 wykorzystany w przypadku r\u00f3\u017cnego rodzaju maszyn budowlanych. W\u0142a\u015bciciele maj\u0105 mo\u017cliwo\u015b\u0107 sprawnego zarz\u0105dzania prac\u0105 personelu oraz sprz\u0119tem, co jest niezb\u0119dne w przedsi\u0119biorstwach budowlanych. Nadz\u00f3r nad pojazdami przy zastosowaniu monitoringu GPS daje mo\u017cliwo\u015b\u0107 kontrolowania czasu pracy operator\u00f3w sprz\u0119tu, a tak\u017ce weryfikowania powierzonych zada\u0144. Pomiar zu\u017cycia paliwa mo\u017ce pom\u00f3c w obni\u017ceniu koszt\u00f3w utrzymania floty. Istotnym argumentem jest r\u00f3wnie\u017c zabezpieczenie maszyn przed kradzie\u017c\u0105, kt\u00f3rych w ostatnich latach jest coraz wi\u0119cej.<\/p>\n<p>W\u0142a\u015bciciel maszyn w ka\u017cdym momencie mo\u017ce sprawdzi\u0107, czy sprz\u0119t znajduje si\u0119 na budowie i wykonuje swoj\u0105 prac\u0119.[\/vc_column_text][\/vc_column][\/vc_row][vc_row top=&#8221;0px&#8221; bottom=&#8221;50px&#8221; textalign=&#8221;center&#8221;][vc_column width=&#8221;1\/3&#8243;][vc_single_image image=&#8221;5905&#8243; alignment=&#8221;center&#8221; el_class=&#8221;icon-round&#8221;][vc_column_text]<strong>MONITORING SAMOCHOD\u00d3W 24H NA DOB\u0118<\/strong>[\/vc_column_text][\/vc_column][vc_column width=&#8221;1\/3&#8243;][vc_single_image image=&#8221;5957&#8243; alignment=&#8221;center&#8221; el_class=&#8221;icon-round&#8221;][vc_column_text]<strong>OD\u0141\u0104CZENIE ROZRUSZNIKA<\/strong>[\/vc_column_text][\/vc_column][vc_column width=&#8221;1\/3&#8243;][vc_single_image image=&#8221;5942&#8243; alignment=&#8221;center&#8221; el_class=&#8221;icon-round&#8221;][vc_column_text]<strong>MONITORING CZASU PRACY<\/strong>[\/vc_column_text][\/vc_column][\/vc_row][vc_row top=&#8221;0&#8243;][vc_column textalign=&#8221;center&#8221; font_color=&#8221;#f78f20&#8243;][vc_button title=&#8221;Sprawd\u017a pozosta\u0142e zastosowania&#8221; size=&#8221;btn-large&#8221; type=&#8221;simplelineicons&#8221; icon_simplelineicons=&#8221;icon-arrow-right&#8221; icon_pos=&#8221;icon-right&#8221; border_radius=&#8221;round&#8221; css_animation=&#8221;bottom-to-top&#8221; css_animation_delay=&#8221;delay-600&#8243; icon_name=&#8221;icon-arrow-right&#8221; link=&#8221;url:%23||&#8221;][\/vc_column][\/vc_row]<\/p>\n","protected":false},"excerpt":{"rendered":"<p>[vc_row top=&#8221;280px&#8221; bottom=&#8221;200px&#8221; content_fadeout=&#8221;content-fadeout&#8221; bg_type=&#8221;image&#8221; parallax_bg=&#8221;parallax-bg&#8221; bg_cover=&#8221;cover&#8221; bg_repeat=&#8221;no-repeat&#8221; bg_position=&#8221;Center center&#8221; overlay_pattern=&#8221;sm_cell_b&#8221; overlay_pattern_op=&#8221;0.1&#8243; bg_color=&#8221;#3e4058&#8243; bg_image=&#8221;5970&#8243;][vc_column][vc_heading h_size=&#8221;h-extralarge&#8221; title=&#8221;MASZYNY BUDOWLANE&#8221; title_color=&#8221;#ffffff&#8221; subtitle_color=&#8221;#ffffff&#8221;][\/vc_column][\/vc_row][vc_row top=&#8221;100px&#8221; bottom=&#8221;30px&#8221;][vc_column][vc_heading h_size=&#8221;h-large&#8221; title=&#8221;Monitoring samochod\u00f3w osobowych&#8221; title_color=&#8221;#f78f20&#8243; divider=&#8221;div-between&#8221; divider_type=&#8221;div-wide-thick&#8221; divider_color=&#8221;#f78f20&#8243; alignment=&#8221;align-left&#8221;][\/vc_column][\/vc_row][vc_row top=&#8221;0px&#8221; equal_height=&#8221;content-fadeout&#8221; row_seperator=&#8221;no-seperator&#8221;][vc_column width=&#8221;5\/12&#8243;][vc_single_image image=&#8221;5969&#8243; img_size=&#8221;1000&#215;500&#8243; style=&#8221;vc_box_rounded&#8221;][\/vc_column][vc_column width=&#8221;7\/12&#8243; el_class=&#8221;column-text-bordered-right&#8221;][vc_separator color=&#8221;#f78f20&#8243; width=&#8221;50px&#8221; thickness=&#8221;3px&#8221;][vc_column_text] System monitorowania GPS z powodzeniem mo\u017ce by\u0107 wykorzystany w przypadku r\u00f3\u017cnego rodzaju maszyn budowlanych. W\u0142a\u015bciciele maj\u0105 mo\u017cliwo\u015b\u0107 sprawnego zarz\u0105dzania prac\u0105 personelu oraz sprz\u0119tem, co jest niezb\u0119dne w przedsi\u0119biorstwach budowlanych. Nadz\u00f3r nad pojazdami przy&#8230;  <\/p>\n<div class=\"read-more\"><a class=\"excerpt-read-more\" href=\"https:\/\/lokalizatorgps24.esteon.pl\/index.php\/maszyny-budowlane\/\" title=\"Continue reading Maszyny budowlane\">Read more<i class=\"fa fa-angle-right\"><\/i><\/a><\/div>\n","protected":false},"author":1,"featured_media":0,"parent":0,"menu_order":0,"comment_status":"open","ping_status":"open","template":"page-full-width.php","meta":{"footnotes":""},"class_list":["post-5934","page","type-page","status-publish","hentry"],"_links":{"self":[{"href":"https:\/\/lokalizatorgps24.esteon.pl\/index.php\/wp-json\/wp\/v2\/pages\/5934","targetHints":{"allow":["GET"]}}],"collection":[{"href":"https:\/\/lokalizatorgps24.esteon.pl\/index.php\/wp-json\/wp\/v2\/pages"}],"about":[{"href":"https:\/\/lokalizatorgps24.esteon.pl\/index.php\/wp-json\/wp\/v2\/types\/page"}],"author":[{"embeddable":true,"href":"https:\/\/lokalizatorgps24.esteon.pl\/index.php\/wp-json\/wp\/v2\/users\/1"}],"replies":[{"embeddable":true,"href":"https:\/\/lokalizatorgps24.esteon.pl\/index.php\/wp-json\/wp\/v2\/comments?post=5934"}],"version-history":[{"count":5,"href":"https:\/\/lokalizatorgps24.esteon.pl\/index.php\/wp-json\/wp\/v2\/pages\/5934\/revisions"}],"predecessor-version":[{"id":5989,"href":"https:\/\/lokalizatorgps24.esteon.pl\/index.php\/wp-json\/wp\/v2\/pages\/5934\/revisions\/5989"}],"wp:attachment":[{"href":"https:\/\/lokalizatorgps24.esteon.pl\/index.php\/wp-json\/wp\/v2\/media?parent=5934"}],"curies":[{"name":"wp","href":"https:\/\/api.w.org\/{rel}","templated":true}]}}